{"id":217,"date":"2025-01-12T19:09:31","date_gmt":"2025-01-13T00:09:31","guid":{"rendered":"https:\/\/webtexcorp-ddhcc0gmfqf9eagv.eastus2-01.azurewebsites.net\/?page_id=217"},"modified":"2025-01-12T21:45:22","modified_gmt":"2025-01-13T02:45:22","slug":"nosotros","status":"publish","type":"page","link":"https:\/\/www.texcorp.pe\/?page_id=217","title":{"rendered":"Nosotros"},"content":{"rendered":"\t\t<div data-elementor-type=\"wp-page\" data-elementor-id=\"217\" class=\"elementor elementor-217\" data-elementor-post-type=\"page\">\n\t\t\t\t<div class=\"elementor-element elementor-element-21ba7dc e-flex e-con-boxed e-con e-parent\" data-id=\"21ba7dc\" data-element_type=\"container\" data-settings=\"{&quot;background_background&quot;:&quot;classic&quot;}\">\n\t\t\t\t\t<div class=\"e-con-inner\">\n\t\t<div class=\"elementor-element elementor-element-8f387a7 e-con-full e-flex e-con e-child\" data-id=\"8f387a7\" data-element_type=\"container\">\n\t\t\t\t<\/div>\n\t\t<div class=\"elementor-element elementor-element-6bb4138 e-con-full e-flex e-con e-child\" data-id=\"6bb4138\" data-element_type=\"container\" data-settings=\"{&quot;background_background&quot;:&quot;classic&quot;}\">\n\t\t<div class=\"elementor-element elementor-element-8655212 e-flex e-con-boxed e-con e-child\" data-id=\"8655212\" data-element_type=\"container\" data-settings=\"{&quot;background_background&quot;:&quot;classic&quot;}\">\n\t\t\t\t\t<div class=\"e-con-inner\">\n\t\t\t\t<div class=\"elementor-element elementor-element-8104935 elementor-widget elementor-widget-heading\" data-id=\"8104935\" data-element_type=\"widget\" data-widget_type=\"heading.default\">\n\t\t\t\t<div class=\"elementor-widget-container\">\n\t\t\t<style>\/*! elementor - v3.21.0 - 24-04-2024 *\/\n.elementor-heading-title{padding:0;margin:0;line-height:1}.elementor-widget-heading .elementor-heading-title[class*=elementor-size-]>a{color:inherit;font-size:inherit;line-height:inherit}.elementor-widget-heading .elementor-heading-title.elementor-size-small{font-size:15px}.elementor-widget-heading .elementor-heading-title.elementor-size-medium{font-size:19px}.elementor-widget-heading .elementor-heading-title.elementor-size-large{font-size:29px}.elementor-widget-heading .elementor-heading-title.elementor-size-xl{font-size:39px}.elementor-widget-heading .elementor-heading-title.elementor-size-xxl{font-size:59px}<\/style><h2 class=\"elementor-heading-title elementor-size-default\">Nosotros<\/h2>\t\t<\/div>\n\t\t\t\t<\/div>\n\t\t\t\t\t<\/div>\n\t\t\t\t<\/div>\n\t\t\t\t<div class=\"elementor-element elementor-element-c3e7025 elementor-widget elementor-widget-image-box\" data-id=\"c3e7025\" data-element_type=\"widget\" data-widget_type=\"image-box.default\">\n\t\t\t\t<div class=\"elementor-widget-container\">\n\t\t\t<style>\/*! elementor - v3.21.0 - 24-04-2024 *\/\n.elementor-widget-image-box .elementor-image-box-content{width:100%}@media (min-width:768px){.elementor-widget-image-box.elementor-position-left .elementor-image-box-wrapper,.elementor-widget-image-box.elementor-position-right .elementor-image-box-wrapper{display:flex}.elementor-widget-image-box.elementor-position-right .elementor-image-box-wrapper{text-align:end;flex-direction:row-reverse}.elementor-widget-image-box.elementor-position-left .elementor-image-box-wrapper{text-align:start;flex-direction:row}.elementor-widget-image-box.elementor-position-top .elementor-image-box-img{margin:auto}.elementor-widget-image-box.elementor-vertical-align-top .elementor-image-box-wrapper{align-items:flex-start}.elementor-widget-image-box.elementor-vertical-align-middle .elementor-image-box-wrapper{align-items:center}.elementor-widget-image-box.elementor-vertical-align-bottom .elementor-image-box-wrapper{align-items:flex-end}}@media (max-width:767px){.elementor-widget-image-box .elementor-image-box-img{margin-left:auto!important;margin-right:auto!important;margin-bottom:15px}}.elementor-widget-image-box .elementor-image-box-img{display:inline-block}.elementor-widget-image-box .elementor-image-box-title a{color:inherit}.elementor-widget-image-box .elementor-image-box-wrapper{text-align:center}.elementor-widget-image-box .elementor-image-box-description{margin:0}<\/style><div class=\"elementor-image-box-wrapper\"><div class=\"elementor-image-box-content\"><h3 class=\"elementor-image-box-title\">Qui\u00e9nes Somos<\/h3><p class=\"elementor-image-box-description\">Formamos parte de la Corporaci\u00f3n Jeruth, empresa textil de vestir masculina m\u00e1s grande de Per\u00fa fundada en el a\u00f1o 1971.\n<\/p><\/div><\/div>\t\t<\/div>\n\t\t\t\t<\/div>\n\t\t\t\t<\/div>\n\t\t<div class=\"elementor-element elementor-element-cfb5605 e-con-full e-flex e-con e-child\" data-id=\"cfb5605\" data-element_type=\"container\">\n\t\t<div class=\"elementor-element elementor-element-5282d29 e-grid e-con-boxed e-con e-child\" data-id=\"5282d29\" data-element_type=\"container\">\n\t\t\t\t\t<div class=\"e-con-inner\">\n\t\t\t\t<div class=\"elementor-element elementor-element-a5de287 elementor-widget elementor-widget-button\" data-id=\"a5de287\" data-element_type=\"widget\" data-widget_type=\"button.default\">\n\t\t\t\t<div class=\"elementor-widget-container\">\n\t\t\t\t\t<div class=\"elementor-button-wrapper\">\n\t\t\t<a class=\"elementor-button elementor-button-link elementor-size-sm\" href=\"#\">\n\t\t\t\t\t\t<span class=\"elementor-button-content-wrapper\">\n\t\t\t\t\t\t\t\t\t<span class=\"elementor-button-text\">Qui\u00e9nes Somos<\/span>\n\t\t\t\t\t<\/span>\n\t\t\t\t\t<\/a>\n\t\t<\/div>\n\t\t\t\t<\/div>\n\t\t\t\t<\/div>\n\t\t\t\t<div class=\"elementor-element elementor-element-c37ab7b elementor-widget elementor-widget-button\" data-id=\"c37ab7b\" data-element_type=\"widget\" data-widget_type=\"button.default\">\n\t\t\t\t<div class=\"elementor-widget-container\">\n\t\t\t\t\t<div class=\"elementor-button-wrapper\">\n\t\t\t<a class=\"elementor-button elementor-button-link elementor-size-sm\" href=\"#\">\n\t\t\t\t\t\t<span class=\"elementor-button-content-wrapper\">\n\t\t\t\t\t\t\t\t\t<span class=\"elementor-button-text\">Nuestra Historia<\/span>\n\t\t\t\t\t<\/span>\n\t\t\t\t\t<\/a>\n\t\t<\/div>\n\t\t\t\t<\/div>\n\t\t\t\t<\/div>\n\t\t\t\t\t<\/div>\n\t\t\t\t<\/div>\n\t\t\t\t<\/div>\n\t\t<div class=\"elementor-element elementor-element-ef920e9 e-con-full e-flex e-con e-child\" data-id=\"ef920e9\" data-element_type=\"container\">\n\t\t\t\t<\/div>\n\t\t\t\t\t<\/div>\n\t\t\t\t<\/div>\n\t\t<div class=\"elementor-element elementor-element-38153c9 e-flex e-con-boxed e-con e-parent\" data-id=\"38153c9\" data-element_type=\"container\">\n\t\t\t\t\t<div class=\"e-con-inner\">\n\t\t<div class=\"elementor-element elementor-element-c201bb0 e-con-full e-flex e-con e-child\" data-id=\"c201bb0\" data-element_type=\"container\">\n\t\t\t\t<\/div>\n\t\t<div class=\"elementor-element elementor-element-8f7ccae e-con-full e-flex e-con e-child\" data-id=\"8f7ccae\" data-element_type=\"container\" data-settings=\"{&quot;background_background&quot;:&quot;classic&quot;}\">\n\t\t\t\t<div class=\"elementor-element elementor-element-a2d147e elementor-widget elementor-widget-text-editor\" data-id=\"a2d147e\" data-element_type=\"widget\" data-widget_type=\"text-editor.default\">\n\t\t\t\t<div class=\"elementor-widget-container\">\n\t\t\t<style>\/*! elementor - v3.21.0 - 24-04-2024 *\/\n.elementor-widget-text-editor.elementor-drop-cap-view-stacked .elementor-drop-cap{background-color:#69727d;color:#fff}.elementor-widget-text-editor.elementor-drop-cap-view-framed .elementor-drop-cap{color:#69727d;border:3px solid;background-color:transparent}.elementor-widget-text-editor:not(.elementor-drop-cap-view-default) .elementor-drop-cap{margin-top:8px}.elementor-widget-text-editor:not(.elementor-drop-cap-view-default) .elementor-drop-cap-letter{width:1em;height:1em}.elementor-widget-text-editor .elementor-drop-cap{float:left;text-align:center;line-height:1;font-size:50px}.elementor-widget-text-editor .elementor-drop-cap-letter{display:inline-block}<\/style>\t\t\t\t<p>Actualmente contamos con nueve unidades de negocios que abarcan desarrollo, dise\u00f1o, fabricaci\u00f3n de telas y prendas de vestir de alta calidad. As\u00ed como una cadena de 60 tiendas en todo el pa\u00eds con m\u00e1s de 1500 colaboradores directos.<\/p><p><br><\/p>\n<p>Desde hace 13 a\u00f1os estamos atendiendo mercados de todo el mundo, contamos con una planta de producci\u00f3n de telas de Tejido plano para camiser\u00eda y pantalones con una capacidad Productiva de 2,5 millones de metros al a\u00f1o. Adicionalmente tenemos una planta de confecciones de camisas, pantalones y trajes que abastece tanto al mercado local como la exportaci\u00f3n.<\/p>\t\t\t\t\t\t<\/div>\n\t\t\t\t<\/div>\n\t\t\t\t<\/div>\n\t\t<div class=\"elementor-element elementor-element-043d22e e-con-full e-flex e-con e-child\" data-id=\"043d22e\" data-element_type=\"container\">\n\t\t\t\t<div class=\"elementor-element elementor-element-77ac4b2 elementor-widget elementor-widget-text-editor\" data-id=\"77ac4b2\" data-element_type=\"widget\" data-widget_type=\"text-editor.default\">\n\t\t\t\t<div class=\"elementor-widget-container\">\n\t\t\t\t\t\t\t<p><span style=\"font-size: 35px;\">9<\/span> unidades de negocio y<br \/>cerca de<\/p>\t\t\t\t\t\t<\/div>\n\t\t\t\t<\/div>\n\t\t\t\t<div class=\"elementor-element elementor-element-806d5e3 elementor-widget elementor-widget-text-editor\" data-id=\"806d5e3\" data-element_type=\"widget\" data-widget_type=\"text-editor.default\">\n\t\t\t\t<div class=\"elementor-widget-container\">\n\t\t\t\t\t\t\t<p><span style=\"font-size: 35px;\">1,500<\/span>empleados<\/p>\t\t\t\t\t\t<\/div>\n\t\t\t\t<\/div>\n\t\t\t\t<\/div>\n\t\t<div class=\"elementor-element elementor-element-d4e7d67 e-con-full e-flex e-con e-child\" data-id=\"d4e7d67\" data-element_type=\"container\">\n\t\t\t\t<\/div>\n\t\t\t\t\t<\/div>\n\t\t\t\t<\/div>\n\t\t<div class=\"elementor-element elementor-element-3e6eef5 e-flex e-con-boxed e-con e-parent\" data-id=\"3e6eef5\" data-element_type=\"container\" data-settings=\"{&quot;background_background&quot;:&quot;classic&quot;}\">\n\t\t\t\t\t<div class=\"e-con-inner\">\n\t\t<div class=\"elementor-element elementor-element-5f96a9b e-con-full e-flex e-con e-child\" data-id=\"5f96a9b\" data-element_type=\"container\">\n\t\t\t\t<\/div>\n\t\t<div class=\"elementor-element elementor-element-22ff1c8 e-con-full e-flex e-con e-child\" data-id=\"22ff1c8\" data-element_type=\"container\" data-settings=\"{&quot;background_background&quot;:&quot;classic&quot;}\">\n\t\t\t\t<div class=\"elementor-element elementor-element-7f01b04 elementor-widget elementor-widget-image-box\" data-id=\"7f01b04\" data-element_type=\"widget\" data-widget_type=\"image-box.default\">\n\t\t\t\t<div class=\"elementor-widget-container\">\n\t\t\t<div class=\"elementor-image-box-wrapper\"><div class=\"elementor-image-box-content\"><h3 class=\"elementor-image-box-title\">Nuestra Historia<\/h3><p class=\"elementor-image-box-description\">Fundada en Lima - Per\u00fa por Corporaci\u00f3n Jeruth en 1971, marc\u00f3 el nacimiento de un l\u00edder en la industria de confecciones en el Per\u00fa.<\/p><\/div><\/div>\t\t<\/div>\n\t\t\t\t<\/div>\n\t\t\t\t<div class=\"elementor-element elementor-element-44875cb elementor-widget elementor-widget-text-editor\" data-id=\"44875cb\" data-element_type=\"widget\" data-widget_type=\"text-editor.default\">\n\t\t\t\t<div class=\"elementor-widget-container\">\n\t\t\t\t\t\t\t<p>1971. Se funda la primera tienda \u00abEl\u00bb en Miraflores.<br \/>1978. Tiendas \u00abAdams\u00bb inicia operaciones.<br \/>1980. Con el objetivo de acompa\u00f1ar el desarrollo inmobiliario de las cadenas de tiendas se crea inmobiliaria \u00abAneljo\u00bb.<br \/>1984. Con la intenci\u00f3n de dar soporte administrativo a las empresas del grupo, empez\u00f3 a operar \u00abPanorama services\u00bb, que a la fecha es nuestro centro de servicios compartidos.<br \/>1984. Se lanza al mercado la marca \u00abJohn Holden\u00bb, que a la fecha es producida por \u00abSamitex\u00bb, en su planta de Chorrillos.<br \/>1985. Iniciamos las operaciones de la Constructora e Inmobiliaria \u00abAm\u00e9rica\u00bb.<\/p><p>1996. \u00abJohn Holden\u00bb lanza su primera colecci\u00f3n de ternos.<br \/>1998. \u00abJohn Holden\u00bb lanza su primera colecci\u00f3n de corbatas.<\/p><p>2002. Se funda \u00abTexcorp\u00bb con la intenci\u00f3n de desarrollar una planta textil de camiser\u00eda, que a la vez fuese un importador y comercializador de tela para la confecci\u00f3n de ropa formal y casual.<br \/>2005. Se lanza al mercado la marca \u00abDonatelli\u00bb, operada por la empresa \u00abGlobal Sourcing\u00bb, con el objetivo de vender productos de calidad a un precio accesible.<br \/>2005. Con la finalidad de complementar la oferta de \u00abJohn Holden\u00bb, se lanza la l\u00ednea \u00abJohn Holden Woman\u00bb, operada por nuestra empresa \u00abPrimatex\u00bb.<\/p>\t\t\t\t\t\t<\/div>\n\t\t\t\t<\/div>\n\t\t\t\t<\/div>\n\t\t<div class=\"elementor-element elementor-element-10f23eb e-con-full e-flex e-con e-child\" data-id=\"10f23eb\" data-element_type=\"container\">\n\t\t<div class=\"elementor-element elementor-element-06df6cd e-grid e-con-boxed e-con e-child\" data-id=\"06df6cd\" data-element_type=\"container\">\n\t\t\t\t\t<div class=\"e-con-inner\">\n\t\t\t\t\t<\/div>\n\t\t\t\t<\/div>\n\t\t\t\t<\/div>\n\t\t<div class=\"elementor-element elementor-element-6c67980 e-con-full e-flex e-con e-child\" data-id=\"6c67980\" data-element_type=\"container\">\n\t\t\t\t<\/div>\n\t\t\t\t\t<\/div>\n\t\t\t\t<\/div>\n\t\t<div class=\"elementor-element elementor-element-ccc2bd6 e-flex e-con-boxed e-con e-parent\" data-id=\"ccc2bd6\" data-element_type=\"container\">\n\t\t\t\t\t<div class=\"e-con-inner\">\n\t\t<div class=\"elementor-element elementor-element-d7d910e e-con-full e-flex e-con e-child\" data-id=\"d7d910e\" data-element_type=\"container\">\n\t\t\t\t<\/div>\n\t\t<div class=\"elementor-element elementor-element-9058dd1 e-con-full e-flex e-con e-child\" data-id=\"9058dd1\" data-element_type=\"container\" data-settings=\"{&quot;background_background&quot;:&quot;classic&quot;}\">\n\t\t\t\t<div class=\"elementor-element elementor-element-6a0bb25 elementor-widget elementor-widget-text-editor\" data-id=\"6a0bb25\" data-element_type=\"widget\" data-widget_type=\"text-editor.default\">\n\t\t\t\t<div class=\"elementor-widget-container\">\n\t\t\t\t\t\t\t<p>2012. \u00abSamitex\u00bb toma en exclusividad la representaci\u00f3n de Oscar, marca de \u00abOscar de la Renta\u00bb, y \u00abCalvin Klein\u00bb, en sus l\u00edneas formales.<br \/>2012. Se funda \u00abLlave en mano proyectos\u00bb, empresa dedicada a brindar servicios de arquitectura comercial y obras civiles.<br \/>2013. Inicia operaciones \u00abUpgrade\u00bb, empresa dedicada al desarrollo de estrategias de comunicaci\u00f3n, branding, publicidad y visual merchandising.<br \/>2014. \u00abEl\u00bb, \u00abAdams\u00bb y la boutique \u00abOscar\u00bb, suman 60 tiendas a nivel nacional, que operan en m\u00e1s de 20 ciudades del Per\u00fa.<br \/>2015. Inicio de operaciones de \u00abLeathercorp\u00bb, empresa de calzado con f\u00e1brica propia.<\/p>\t\t\t\t\t\t<\/div>\n\t\t\t\t<\/div>\n\t\t\t\t<\/div>\n\t\t<div class=\"elementor-element elementor-element-84e11af e-con-full e-flex e-con e-child\" data-id=\"84e11af\" data-element_type=\"container\">\n\t\t\t\t<div class=\"elementor-element elementor-element-b910314 elementor-widget elementor-widget-text-editor\" data-id=\"b910314\" data-element_type=\"widget\" data-widget_type=\"text-editor.default\">\n\t\t\t\t<div class=\"elementor-widget-container\">\n\t\t\t\t\t\t\t<span style=\"font-size: 35px;\">2,5<\/span> millones\nde mts de telaproducida al a\u00f1o\t\t\t\t\t\t<\/div>\n\t\t\t\t<\/div>\n\t\t\t\t<\/div>\n\t\t<div class=\"elementor-element elementor-element-459780c e-con-full e-flex e-con e-child\" data-id=\"459780c\" data-element_type=\"container\">\n\t\t\t\t<\/div>\n\t\t\t\t\t<\/div>\n\t\t\t\t<\/div>\n\t\t<div class=\"elementor-element elementor-element-8b5c7ec e-flex e-con-boxed e-con e-parent\" data-id=\"8b5c7ec\" data-element_type=\"container\" data-settings=\"{&quot;background_background&quot;:&quot;classic&quot;}\">\n\t\t\t\t\t<div class=\"e-con-inner\">\n\t\t<div class=\"elementor-element elementor-element-3ab7c44 e-flex e-con-boxed e-con e-child\" data-id=\"3ab7c44\" data-element_type=\"container\">\n\t\t\t\t\t<div class=\"e-con-inner\">\n\t\t\t\t<div class=\"elementor-element elementor-element-962018f elementor-widget elementor-widget-heading\" data-id=\"962018f\" data-element_type=\"widget\" data-widget_type=\"heading.default\">\n\t\t\t\t<div class=\"elementor-widget-container\">\n\t\t\t<h2 class=\"elementor-heading-title elementor-size-default\">Misi\u00f3n, Visi\u00f3n y Valores<\/h2>\t\t<\/div>\n\t\t\t\t<\/div>\n\t\t<div class=\"elementor-element elementor-element-2c0421b e-flex e-con-boxed e-con e-child\" data-id=\"2c0421b\" data-element_type=\"container\">\n\t\t\t\t\t<div class=\"e-con-inner\">\n\t\t<div class=\"elementor-element elementor-element-fcb0ee0 e-grid e-con-boxed e-con e-child\" data-id=\"fcb0ee0\" data-element_type=\"container\">\n\t\t\t\t\t<div class=\"e-con-inner\">\n\t\t\t\t<div class=\"elementor-element elementor-element-cb29261 elementor-widget elementor-widget-image-box\" data-id=\"cb29261\" data-element_type=\"widget\" data-widget_type=\"image-box.default\">\n\t\t\t\t<div class=\"elementor-widget-container\">\n\t\t\t<div class=\"elementor-image-box-wrapper\"><div class=\"elementor-image-box-content\"><h3 class=\"elementor-image-box-title\">Misi\u00f3n<\/h3><p class=\"elementor-image-box-description\">\nLa misi\u00f3n de la compa\u00f1\u00eda es satisfacer a nuestros clientes nacionales e internacionales a trav\u00e9s de nuestros productos y servicios realzando la imagen y marca de estos.<\/p><\/div><\/div>\t\t<\/div>\n\t\t\t\t<\/div>\n\t\t\t\t<div class=\"elementor-element elementor-element-49b3d47 elementor-widget elementor-widget-image-box\" data-id=\"49b3d47\" data-element_type=\"widget\" data-widget_type=\"image-box.default\">\n\t\t\t\t<div class=\"elementor-widget-container\">\n\t\t\t<div class=\"elementor-image-box-wrapper\"><div class=\"elementor-image-box-content\"><h3 class=\"elementor-image-box-title\">Visi\u00f3n<\/h3><p class=\"elementor-image-box-description\">La visi\u00f3n de la compa\u00f1\u00eda es llegar a ser los l\u00edderes de producci\u00f3n de camisas de vestir en latino am\u00e9rica y a nivel Mundial.<\/p><\/div><\/div>\t\t<\/div>\n\t\t\t\t<\/div>\n\t\t\t\t<div class=\"elementor-element elementor-element-de4c7ee elementor-widget elementor-widget-image-box\" data-id=\"de4c7ee\" data-element_type=\"widget\" data-widget_type=\"image-box.default\">\n\t\t\t\t<div class=\"elementor-widget-container\">\n\t\t\t<div class=\"elementor-image-box-wrapper\"><div class=\"elementor-image-box-content\"><h3 class=\"elementor-image-box-title\">Valores<\/h3><p class=\"elementor-image-box-description\">Estamos comprometidos con el desarrollo socioecon\u00f3mico de nuestro pa\u00eds, y como entidad generadora de empleo tenemos un gran compromiso social con la familia y la comunidad.<\/p><\/div><\/div>\t\t<\/div>\n\t\t\t\t<\/div>\n\t\t\t\t\t<\/div>\n\t\t\t\t<\/div>\n\t\t\t\t\t<\/div>\n\t\t\t\t<\/div>\n\t\t\t\t\t<\/div>\n\t\t\t\t<\/div>\n\t\t\t\t\t<\/div>\n\t\t\t\t<\/div>\n\t\t\t\t<\/div>\n\t\t","protected":false},"excerpt":{"rendered":"<p>Nosotros Qui\u00e9nes Somos Formamos parte de la Corporaci\u00f3n Jeruth, empresa textil de vestir masculina m\u00e1s grande de Per\u00fa fundada en el a\u00f1o 1971. Qui\u00e9nes Somos Nuestra Historia Actualmente contamos con nueve unidades de negocios que abarcan desarrollo, dise\u00f1o, fabricaci\u00f3n de telas y prendas de vestir de alta calidad. As\u00ed como una cadena de 60 tiendas [&hellip;]<\/p>\n","protected":false},"author":1,"featured_media":0,"parent":0,"menu_order":0,"comment_status":"closed","ping_status":"closed","template":"","meta":{"footnotes":""},"class_list":["post-217","page","type-page","status-publish","hentry"],"_links":{"self":[{"href":"https:\/\/www.texcorp.pe\/index.php?rest_route=\/wp\/v2\/pages\/217","targetHints":{"allow":["GET"]}}],"collection":[{"href":"https:\/\/www.texcorp.pe\/index.php?rest_route=\/wp\/v2\/pages"}],"about":[{"href":"https:\/\/www.texcorp.pe\/index.php?rest_route=\/wp\/v2\/types\/page"}],"author":[{"embeddable":true,"href":"https:\/\/www.texcorp.pe\/index.php?rest_route=\/wp\/v2\/users\/1"}],"replies":[{"embeddable":true,"href":"https:\/\/www.texcorp.pe\/index.php?rest_route=%2Fwp%2Fv2%2Fcomments&post=217"}],"version-history":[{"count":17,"href":"https:\/\/www.texcorp.pe\/index.php?rest_route=\/wp\/v2\/pages\/217\/revisions"}],"predecessor-version":[{"id":353,"href":"https:\/\/www.texcorp.pe\/index.php?rest_route=\/wp\/v2\/pages\/217\/revisions\/353"}],"wp:attachment":[{"href":"https:\/\/www.texcorp.pe\/index.php?rest_route=%2Fwp%2Fv2%2Fmedia&parent=217"}],"curies":[{"name":"wp","href":"https:\/\/api.w.org\/{rel}","templated":true}]}}